{"id":8,"date":"2023-06-22T12:44:33","date_gmt":"2023-06-22T12:44:33","guid":{"rendered":"https:\/\/castaneyra.es\/?page_id=8"},"modified":"2024-04-11T14:59:58","modified_gmt":"2024-04-11T14:59:58","slug":"servicios","status":"publish","type":"page","link":"https:\/\/castaneyra.es\/index.php\/servicios\/","title":{"rendered":"Servicios"},"content":{"rendered":"\n\t<section class=\"section dark has-parallax\" id=\"section_1726240719\">\n\t\t<div class=\"bg section-bg fill bg-fill  \" data-parallax-container=\".section\" data-parallax-background data-parallax=\"-7\">\n\n\t\t\t\n\t\t\t<div class=\"section-bg-overlay absolute fill\"><\/div>\n\t\t\t\n\n\t\t<\/div>\n\n\t\t\n\n\t\t<div class=\"section-content relative\">\n\t\t\t\n\n\t<div id=\"gap-136117128\" class=\"gap-element clearfix\" style=\"display:block; height:auto;\">\n\t\t\n<style>\n#gap-136117128 {\n  padding-top: 30px;\n}\n<\/style>\n\t<\/div>\n\t\n\n<div class=\"row align-center\" style=\"max-width:1300px\" id=\"row-119036338\">\n\n\n\t<div id=\"col-622784562\" class=\"col medium-10 small-12 large-9\"  >\n\t\t\t\t<div class=\"col-inner text-center\"  >\n\t\t\t\n\t\t\t\n\n<h1><span style=\"font-size: 200%;\">Servicios<\/span><\/h1>\n\n\t\t<\/div>\n\t\t\t\t\t<\/div>\n\n\t\n\n<\/div>\n\n\t\t<\/div>\n\n\t\t\n<style>\n#section_1726240719 {\n  padding-top: 30px;\n  padding-bottom: 30px;\n  min-height: 500px;\n}\n#section_1726240719 .section-bg-overlay {\n  background-color: rgba(0, 0, 0, 0.15);\n}\n#section_1726240719 .section-bg.bg-loaded {\n  background-image: url(https:\/\/castaneyra.es\/wp-content\/uploads\/2023\/06\/diversas-personas-que-trabajan-oficina.jpg);\n}\n#section_1726240719 .section-bg {\n  background-position: 0% 100%;\n}\n@media (min-width:550px) {\n  #section_1726240719 {\n    min-height: 600px;\n  }\n  #section_1726240719 .section-bg-overlay {\n    background-color: rgba(0, 0, 0, 0.09);\n  }\n}\n@media (min-width:850px) {\n  #section_1726240719 .section-bg-overlay {\n    background-color: rgba(0,0,0,.5);\n  }\n}\n<\/style>\n\t<\/section>\n\t\n\t<section class=\"section\" id=\"section_1819244059\">\n\t\t<div class=\"bg section-bg fill bg-fill  bg-loaded\" >\n\n\t\t\t\n\t\t\t\n\t\t\t\n\n\t\t<\/div>\n\n\t\t\n\n\t\t<div class=\"section-content relative\">\n\t\t\t\n\n\t<div id=\"gap-1028939160\" class=\"gap-element clearfix\" style=\"display:block; height:auto;\">\n\t\t\n<style>\n#gap-1028939160 {\n  padding-top: 100px;\n}\n<\/style>\n\t<\/div>\n\t\n\n<div class=\"row row-large align-middle align-center\" style=\"max-width:1300px\" id=\"row-1791529787\">\n\n\n\t<div id=\"col-1968349098\" class=\"col medium-9 small-12 large-6\"  data-animate=\"fadeInLeft\">\n\t\t\t\t<div class=\"col-inner\"  >\n\t\t\t\n\t\t\t\n\n<span class=\"scroll-to\" data-label=\"Scroll to: #administracion\" data-bullet=\"false\" data-link=\"#administracion\" data-title=\"Change this\" ><a name=\"administracion\"><\/a><\/span>\n\n\n  <div class=\"banner has-hover\" id=\"banner-1962901183\">\n          <div class=\"banner-inner fill\">\n        <div class=\"banner-bg fill\" >\n            <div class=\"bg fill bg-fill \"><\/div>\n                                    \n                    <\/div>\n\t\t\n        <div class=\"banner-layers container\">\n            <div class=\"fill banner-link\"><\/div>            \n\n   <div id=\"text-box-1911374321\" class=\"text-box banner-layer x50 md-x50 lg-x50 y50 md-y50 lg-y50 res-text\">\n                                <div class=\"text-box-content text dark\">\n              \n              <div class=\"text-inner text-center\">\n                  \n\n\n              <\/div>\n           <\/div>\n                            \n<style>\n#text-box-1911374321 {\n  width: 60%;\n}\n#text-box-1911374321 .text-box-content {\n  font-size: 100%;\n}\n@media (min-width:550px) {\n  #text-box-1911374321 {\n    width: 60%;\n  }\n}\n<\/style>\n    <\/div>\n \n\n        <\/div>\n      <\/div>\n\n            \n<style>\n#banner-1962901183 {\n  padding-top: 300px;\n}\n#banner-1962901183 .bg.bg-loaded {\n  background-image: url(https:\/\/castaneyra.es\/wp-content\/uploads\/2024\/02\/banner_administracion_de_fincas.jpeg);\n}\n#banner-1962901183 .bg {\n  background-position: 55% 0%;\n}\n@media (min-width:850px) {\n  #banner-1962901183 {\n    padding-top: 70%;\n  }\n}\n<\/style>\n  <\/div>\n\n\n\n\t\t<\/div>\n\t\t\t\t\t<\/div>\n\n\t\n\n\t<div id=\"col-978136221\" class=\"col medium-9 small-12 large-6\"  data-animate=\"fadeInLeft\">\n\t\t\t\t<div class=\"col-inner text-left\"  >\n\t\t\t\n\t\t\t\n\n<h3><span style=\"font-size: 160%;\">Administraci\u00f3n De Fincas y Patrimonio Inmobiliario<\/span><\/h3>\n<p style=\"text-align:justify\">\u00a1Potenciamos tu inversi\u00f3n inmobiliaria! Nuestra administraci\u00f3n de fincas garantiza rentabilidad, mantenimiento \u00f3ptimo y paz en tu comunidad. Somos profesionales comprometidos que velan por tu patrimonio, con eficiencia y transparencia. \u00a1Conf\u00eda en nosotros para una gesti\u00f3n impecable! <\/p>\n<a href=\"https:\/\/castaneyra.es\/index.php\/presupuesto\/#fincas\" class=\"button secondary is-outline box-shadow-1-hover\"  >\n    <span>Pedir presupuesto<\/span>\n  <\/a>\n\n\n\n\t\t<\/div>\n\t\t\t\t\n<style>\n#col-978136221 > .col-inner {\n  padding: 0px 0px 0px 0px;\n}\n<\/style>\n\t<\/div>\n\n\t\n\n<\/div>\n<div class=\"row row-large align-middle align-center\" style=\"max-width:1300px\" id=\"row-449101829\">\n\n\n\t<div id=\"col-1619505763\" class=\"col medium-9 small-12 large-6\"  data-animate=\"fadeInLeft\">\n\t\t\t\t<div class=\"col-inner text-left\"  >\n\t\t\t\n\t\t\t\n\n<h3><span style=\"font-size: 160%;\">Asesor\u00eda y Gesti\u00f3n Contable, Fiscal y Laboral<\/span><\/h3>\n<p style=\"text-align:justify\">Optimiza tus finanzas y asegura el \u00e9xito de tu negocio con nuestra asesor\u00eda integral. Ofrecemos servicios expertos en gesti\u00f3n contable, fiscal y laboral para empresas y particulares aut\u00f3nomos. Nuestro equipo de profesionales te guiar\u00e1 en la toma de decisiones financieras, asegurando el cumplimiento de obligaciones y maximizando tus beneficios. Conf\u00eda en nosotros para un futuro financiero s\u00f3lido.<\/p>\n<p> \u00a1Cont\u00e1ctanos hoy mismo! (Aqu\u00ed insertar formulario de presupuesto o contacto) <\/p>\n<a href=\"https:\/\/castaneyra.es\/index.php\/presupuesto\/#gestion\" class=\"button secondary is-outline box-shadow-1-hover\"  >\n    <span>Pedir presupuesto<\/span>\n  <\/a>\n\n\n\n\t\t<\/div>\n\t\t\t\t\n<style>\n#col-1619505763 > .col-inner {\n  padding: 0px 0px 0px 0px;\n}\n<\/style>\n\t<\/div>\n\n\t\n\n\t<div id=\"col-723472128\" class=\"col medium-9 small-12 large-6 small-col-first\"  data-animate=\"fadeInLeft\">\n\t\t\t\t<div class=\"col-inner\"  >\n\t\t\t\n\t\t\t\n\n<span class=\"scroll-to\" data-label=\"Scroll to: #asesoria\" data-bullet=\"false\" data-link=\"#asesoria\" data-title=\"Change this\" ><a name=\"asesoria\"><\/a><\/span>\n\n\n  <div class=\"banner has-hover\" id=\"banner-1666905226\">\n          <div class=\"banner-inner fill\">\n        <div class=\"banner-bg fill\" >\n            <div class=\"bg fill bg-fill \"><\/div>\n                                    \n                    <\/div>\n\t\t\n        <div class=\"banner-layers container\">\n            <div class=\"fill banner-link\"><\/div>            \n\n   <div id=\"text-box-793638052\" class=\"text-box banner-layer x50 md-x50 lg-x50 y50 md-y50 lg-y50 res-text\">\n                                <div class=\"text-box-content text dark\">\n              \n              <div class=\"text-inner text-center\">\n                  \n\n\n              <\/div>\n           <\/div>\n                            \n<style>\n#text-box-793638052 {\n  width: 60%;\n}\n#text-box-793638052 .text-box-content {\n  font-size: 100%;\n}\n@media (min-width:550px) {\n  #text-box-793638052 {\n    width: 60%;\n  }\n}\n<\/style>\n    <\/div>\n \n\n        <\/div>\n      <\/div>\n\n            \n<style>\n#banner-1666905226 {\n  padding-top: 300px;\n}\n#banner-1666905226 .bg.bg-loaded {\n  background-image: url(https:\/\/castaneyra.es\/wp-content\/uploads\/2024\/02\/banner_gestion_laboral.jpeg);\n}\n#banner-1666905226 .bg {\n  background-position: 55% 0%;\n}\n@media (min-width:850px) {\n  #banner-1666905226 {\n    padding-top: 70%;\n  }\n}\n<\/style>\n  <\/div>\n\n\n\n\t\t<\/div>\n\t\t\t\t\t<\/div>\n\n\t\n\n<\/div>\n<div class=\"row row-large align-middle align-center\" style=\"max-width:1300px\" id=\"row-587277543\">\n\n\n\t<div id=\"col-605065495\" class=\"col medium-9 small-12 large-6 medium-col-first\"  data-animate=\"fadeInLeft\">\n\t\t\t\t<div class=\"col-inner\"  >\n\t\t\t\n\t\t\t\n\n<span class=\"scroll-to\" data-label=\"Scroll to: #seguros\" data-bullet=\"false\" data-link=\"#seguros\" data-title=\"Change this\" ><a name=\"seguros\"><\/a><\/span>\n\n\n  <div class=\"banner has-hover\" id=\"banner-357407485\">\n          <div class=\"banner-inner fill\">\n        <div class=\"banner-bg fill\" >\n            <div class=\"bg fill bg-fill \"><\/div>\n                                    \n                    <\/div>\n\t\t\n        <div class=\"banner-layers container\">\n            <div class=\"fill banner-link\"><\/div>            \n\n   <div id=\"text-box-1790700444\" class=\"text-box banner-layer x50 md-x50 lg-x50 y50 md-y50 lg-y50 res-text\">\n                                <div class=\"text-box-content text dark\">\n              \n              <div class=\"text-inner text-center\">\n                  \n\n\n              <\/div>\n           <\/div>\n                            \n<style>\n#text-box-1790700444 {\n  width: 60%;\n}\n#text-box-1790700444 .text-box-content {\n  font-size: 100%;\n}\n@media (min-width:550px) {\n  #text-box-1790700444 {\n    width: 60%;\n  }\n}\n<\/style>\n    <\/div>\n \n\n        <\/div>\n      <\/div>\n\n            \n<style>\n#banner-357407485 {\n  padding-top: 300px;\n}\n#banner-357407485 .bg.bg-loaded {\n  background-image: url(https:\/\/castaneyra.es\/wp-content\/uploads\/2024\/02\/banner_mediacaion_de_seguros.jpeg);\n}\n#banner-357407485 .bg {\n  background-position: 48% 68%;\n}\n@media (min-width:850px) {\n  #banner-357407485 {\n    padding-top: 70%;\n  }\n}\n<\/style>\n  <\/div>\n\n\n\n\t\t<\/div>\n\t\t\t\t\t<\/div>\n\n\t\n\n\t<div id=\"col-1360066827\" class=\"col medium-9 small-12 large-6\"  data-animate=\"fadeInLeft\">\n\t\t\t\t<div class=\"col-inner text-left\"  >\n\t\t\t\n\t\t\t\n\n<h3><span style=\"font-size: 160%;\">Mediaci\u00f3n De Seguros<\/span><\/h3>\n<p style=\"text-align: justify;\">Protege tu patrimonio inmobiliario y comercial con nuestra experiencia en seguros. Ofrecemos soluciones personalizadas y accesibles que se adaptan a tus necesidades. Desde la cobertura integral hasta la gesti\u00f3n eficiente de reclamaciones, estamos aqu\u00ed para brindarte tranquilidad y seguridad. Conf\u00eda en nosotros para salvaguardar tu inversi\u00f3n. \u00a1Cont\u00e1ctanos hoy y asegura tu futuro!<\/p>\n<p style=\"text-align: justify-all;\">Somos mediadores directos de MUTUA DE PROPIETARIOS, especializados en Patrimonio inmobiliario.<\/p>\n<div style=\"display: flex;\">\n<ul style=\"flex: 1; padding-right: 20px;\">\n<li>Seguros de Hogar para propietarios<\/li>\n<li>Seguros de Hogar para inquilinos<\/li>\n<li>Seguros de Comunidades de Propietarios<\/li>\n<li>Seguros de locales o negocio comercial<\/li>\n<li>Seguros de Alquiler<\/li>\n<\/ul>\n<ul style=\"flex: 1;\">\n<li>Seguros de Responsabilidad Civil para perros<\/li>\n<li>Seguros de Responsabilidad para Profesionales<\/li>\n<li>Seguros de RC y Accidente para patinetes<\/li>\n<li>Seguros de Vida<\/li>\n<li>Seguros de Salud<\/li>\n<\/ul>\n<\/div>\n<a href=\"https:\/\/castaneyra.es\/index.php\/presupuesto\/#seguro\" class=\"button secondary is-outline box-shadow-1-hover\"  >\n    <span>Pedir presupuesto<\/span>\n  <\/a>\n\n\n\n\t\t<\/div>\n\t\t\t\t\n<style>\n#col-1360066827 > .col-inner {\n  padding: 0px 0px 0px 0px;\n}\n<\/style>\n\t<\/div>\n\n\t\n\n<\/div>\n<div class=\"row row-large align-middle align-center\" style=\"max-width:1300px\" id=\"row-1025963805\">\n\n\n\t<div id=\"col-297907030\" class=\"col medium-9 small-12 large-6\"  data-animate=\"fadeInLeft\">\n\t\t\t\t<div class=\"col-inner text-left\"  >\n\t\t\t\n\t\t\t\n\n<h3><span style=\"font-size: 160%;\">Tr\u00e1mites de Extranjer\u00eda y Homologaciones de Estudios<br \/><\/span><\/h3>\n<p style=\"text-align: justify;\">Nuestro equipo especializado en tr\u00e1mites de extranjer\u00eda y homologaciones de estudios est\u00e1 aqu\u00ed para brindarte el apoyo necesario en cada paso de tu proceso.<\/p>\n<p style=\"text-align: justify;\">Entendemos lo complejo que puede ser navegar por los requisitos legales y burocr\u00e1ticos relacionados con la inmigraci\u00f3n y la validaci\u00f3n acad\u00e9mica.<\/p>\n<p style=\"text-align: justify;\">Desde la solicitud de visados hasta la homologaci\u00f3n de t\u00edtulos y certificados, estamos comprometidos a proporcionarte orientaci\u00f3n experta y facilitar el camino hacia tus metas educativas y profesionales en un pa\u00eds extranjero. Conf\u00eda en nosotros para simplificar y agilizar tus tr\u00e1mites, permiti\u00e9ndote enfocarte en tu crecimiento y desarrollo personal y profesional.<\/p>\n<a href=\"https:\/\/castaneyra.es\/index.php\/presupuesto\/#extranjeria\" class=\"button secondary is-outline box-shadow-1-hover\"  >\n    <span>Pedir presupuesto<\/span>\n  <\/a>\n\n\n\n\t\t<\/div>\n\t\t\t\t\n<style>\n#col-297907030 > .col-inner {\n  padding: 0px 0px 0px 0px;\n}\n<\/style>\n\t<\/div>\n\n\t\n\n\t<div id=\"col-2760957\" class=\"col medium-9 small-12 large-6 small-col-first\"  data-animate=\"fadeInLeft\">\n\t\t\t\t<div class=\"col-inner\"  >\n\t\t\t\n\t\t\t\n\n<span class=\"scroll-to\" data-label=\"Scroll to: #extrangeria\" data-bullet=\"false\" data-link=\"#extrangeria\" data-title=\"Tramites de extrangeria\" ><a name=\"extrangeria\"><\/a><\/span>\n\n\n  <div class=\"banner has-hover\" id=\"banner-275071181\">\n          <div class=\"banner-inner fill\">\n        <div class=\"banner-bg fill\" >\n            <div class=\"bg fill bg-fill \"><\/div>\n                                    \n                    <\/div>\n\t\t\n        <div class=\"banner-layers container\">\n            <div class=\"fill banner-link\"><\/div>            \n\n   <div id=\"text-box-1624848282\" class=\"text-box banner-layer x50 md-x50 lg-x50 y50 md-y50 lg-y50 res-text\">\n                                <div class=\"text-box-content text dark\">\n              \n              <div class=\"text-inner text-center\">\n                  \n\n\n              <\/div>\n           <\/div>\n                            \n<style>\n#text-box-1624848282 {\n  width: 60%;\n}\n#text-box-1624848282 .text-box-content {\n  font-size: 100%;\n}\n@media (min-width:550px) {\n  #text-box-1624848282 {\n    width: 60%;\n  }\n}\n<\/style>\n    <\/div>\n \n\n        <\/div>\n      <\/div>\n\n            \n<style>\n#banner-275071181 {\n  padding-top: 300px;\n}\n#banner-275071181 .bg.bg-loaded {\n  background-image: url(https:\/\/castaneyra.es\/wp-content\/uploads\/2024\/02\/banner_tramites.jpeg);\n}\n#banner-275071181 .bg {\n  background-position: 55% 0%;\n}\n@media (min-width:850px) {\n  #banner-275071181 {\n    padding-top: 70%;\n  }\n}\n<\/style>\n  <\/div>\n\n\n\n\t\t<\/div>\n\t\t\t\t\t<\/div>\n\n\t\n\n<\/div>\n<div class=\"row row-large align-middle align-center\" style=\"max-width:1300px\" id=\"row-437746681\">\n\n\n\t<div id=\"col-893173340\" class=\"col medium-9 small-12 large-6 medium-col-first\"  data-animate=\"fadeInLeft\">\n\t\t\t\t<div class=\"col-inner\"  >\n\t\t\t\n\t\t\t\n\n<span class=\"scroll-to\" data-label=\"Scroll to: #subvenciones\" data-bullet=\"false\" data-link=\"#subvenciones\" data-title=\"Tramites de extrangeria\" ><a name=\"subvenciones\"><\/a><\/span>\n\n\n  <div class=\"banner has-hover\" id=\"banner-561849391\">\n          <div class=\"banner-inner fill\">\n        <div class=\"banner-bg fill\" >\n            <div class=\"bg fill bg-fill \"><\/div>\n                                    \n                    <\/div>\n\t\t\n        <div class=\"banner-layers container\">\n            <div class=\"fill banner-link\"><\/div>            \n\n   <div id=\"text-box-568720911\" class=\"text-box banner-layer x50 md-x50 lg-x50 y50 md-y50 lg-y50 res-text\">\n                                <div class=\"text-box-content text dark\">\n              \n              <div class=\"text-inner text-center\">\n                  \n\n\n              <\/div>\n           <\/div>\n                            \n<style>\n#text-box-568720911 {\n  width: 60%;\n}\n#text-box-568720911 .text-box-content {\n  font-size: 100%;\n}\n@media (min-width:550px) {\n  #text-box-568720911 {\n    width: 60%;\n  }\n}\n<\/style>\n    <\/div>\n \n\n        <\/div>\n      <\/div>\n\n            \n<style>\n#banner-561849391 {\n  padding-top: 300px;\n}\n#banner-561849391 .bg.bg-loaded {\n  background-image: url(https:\/\/castaneyra.es\/wp-content\/uploads\/2024\/02\/banner_subvenciones.jpeg);\n}\n#banner-561849391 .bg {\n  background-position: 0% 49%;\n}\n@media (min-width:850px) {\n  #banner-561849391 {\n    padding-top: 70%;\n  }\n}\n<\/style>\n  <\/div>\n\n\n\n\t\t<\/div>\n\t\t\t\t\t<\/div>\n\n\t\n\n\t<div id=\"col-1639675236\" class=\"col medium-9 small-12 large-6\"  data-animate=\"fadeInLeft\">\n\t\t\t\t<div class=\"col-inner text-left\"  >\n\t\t\t\n\t\t\t\n\n<h3><span style=\"font-size: 160%;\">Gestor\u00eda y tr\u00e1mites de subvenciones<\/span><\/h3>\n<p style=\"text-align: justify;\">Nuestro servicio de gestor\u00eda ofrece una amplia gama de soluciones para facilitar los tr\u00e1mites de subvenciones.<\/p>\n<p style=\"text-align: justify;\">Nos especializamos en guiar a nuestros clientes a trav\u00e9s de los complejos procesos administrativos, asegur\u00e1ndonos de que aprovechen al m\u00e1ximo las oportunidades de financiaci\u00f3n disponibles.<\/p>\n<p style=\"text-align: justify;\">Desde la identificaci\u00f3n de programas de subvenciones pertinentes hasta la preparaci\u00f3n y presentaci\u00f3n de documentaci\u00f3n, nuestro equipo experto se encarga de cada detalle para garantizar un proceso fluido y exitoso. Conf\u00eda en nosotros para maximizar tus posibilidades de obtener el apoyo financiero necesario para tus proyectos y objetivos empresariales.<\/p>\n<a href=\"https:\/\/castaneyra.es\/index.php\/presupuesto\/\" class=\"button secondary is-outline box-shadow-1-hover\"  >\n    <span>Pedir presupuesto<\/span>\n  <\/a>\n\n\n\n\t\t<\/div>\n\t\t\t\t\n<style>\n#col-1639675236 > .col-inner {\n  padding: 0px 0px 0px 0px;\n}\n<\/style>\n\t<\/div>\n\n\t\n\n<\/div>\n\t<div id=\"gap-194714892\" class=\"gap-element clearfix\" style=\"display:block; height:auto;\">\n\t\t\n<style>\n#gap-194714892 {\n  padding-top: 100px;\n}\n<\/style>\n\t<\/div>\n\t\n\n\n\t\t<\/div>\n\n\t\t\n<style>\n#section_1819244059 {\n  padding-top: 0px;\n  padding-bottom: 0px;\n}\n<\/style>\n\t<\/section>\n\t\n\n","protected":false},"excerpt":{"rendered":"","protected":false},"author":1,"featured_media":0,"parent":0,"menu_order":0,"comment_status":"closed","ping_status":"closed","template":"page-blank.php","meta":{"footnotes":""},"class_list":["post-8","page","type-page","status-publish","hentry"],"jetpack_sharing_enabled":true,"_links":{"self":[{"href":"https:\/\/castaneyra.es\/index.php\/wp-json\/wp\/v2\/pages\/8","targetHints":{"allow":["GET"]}}],"collection":[{"href":"https:\/\/castaneyra.es\/index.php\/wp-json\/wp\/v2\/pages"}],"about":[{"href":"https:\/\/castaneyra.es\/index.php\/wp-json\/wp\/v2\/types\/page"}],"author":[{"embeddable":true,"href":"https:\/\/castaneyra.es\/index.php\/wp-json\/wp\/v2\/users\/1"}],"replies":[{"embeddable":true,"href":"https:\/\/castaneyra.es\/index.php\/wp-json\/wp\/v2\/comments?post=8"}],"version-history":[{"count":50,"href":"https:\/\/castaneyra.es\/index.php\/wp-json\/wp\/v2\/pages\/8\/revisions"}],"predecessor-version":[{"id":362,"href":"https:\/\/castaneyra.es\/index.php\/wp-json\/wp\/v2\/pages\/8\/revisions\/362"}],"wp:attachment":[{"href":"https:\/\/castaneyra.es\/index.php\/wp-json\/wp\/v2\/media?parent=8"}],"curies":[{"name":"wp","href":"https:\/\/api.w.org\/{rel}","templated":true}]}}