{"id":6,"date":"2023-06-22T12:44:05","date_gmt":"2023-06-22T12:44:05","guid":{"rendered":"https:\/\/castaneyra.es\/?page_id=6"},"modified":"2024-08-26T18:23:00","modified_gmt":"2024-08-26T18:23:00","slug":"inicio","status":"publish","type":"page","link":"https:\/\/castaneyra.es\/","title":{"rendered":"Inicio"},"content":{"rendered":"\n<div class=\"slider-wrapper relative\" id=\"slider-1878270140\" >\n    <div class=\"slider slider-nav-circle slider-nav-large slider-nav-light slider-style-normal\"\n        data-flickity-options='{\n            \"cellAlign\": \"center\",\n            \"imagesLoaded\": true,\n            \"lazyLoad\": 1,\n            \"freeScroll\": false,\n            \"wrapAround\": true,\n            \"autoPlay\": 6000,\n            \"pauseAutoPlayOnHover\" : true,\n            \"prevNextButtons\": true,\n            \"contain\" : true,\n            \"adaptiveHeight\" : true,\n            \"dragThreshold\" : 10,\n            \"percentPosition\": true,\n            \"pageDots\": true,\n            \"rightToLeft\": false,\n            \"draggable\": true,\n            \"selectedAttraction\": 0.1,\n            \"parallax\" : 0,\n            \"friction\": 0.6        }'\n        >\n        \n\n\t<section class=\"section dark\" id=\"section_256268889\">\n\t\t<div class=\"bg section-bg fill bg-fill  \" >\n\n\t\t\t\n\t\t\t<div class=\"section-bg-overlay absolute fill\"><\/div>\n\t\t\t\n\n\t\t<\/div>\n\n\t\t\n\n\t\t<div class=\"section-content relative\">\n\t\t\t\n\n<div class=\"row\" style=\"max-width:1300px\" id=\"row-744042665\">\n\n\n\t<div id=\"col-1671732649\" class=\"col medium-8 small-12 large-5\"  >\n\t\t\t\t<div class=\"col-inner\"  >\n\t\t\t\n\t\t\t\n\n\t<div id=\"text-4195216622\" class=\"text\">\n\t\t\n\n<h3>M\u00e1s de 25 a\u00f1os de experiencia<\/h3>\n\t\t\n<style>\n#text-4195216622 {\n  font-size: 2.5rem;\n  line-height: 1;\n}\n@media (min-width:550px) {\n  #text-4195216622 {\n    font-size: 3rem;\n  }\n}\n<\/style>\n\t<\/div>\n\t\n\t<div id=\"text-711654489\" class=\"text\">\n\t\t\n\n<p><strong>Tu comunidad en buenas manos, siempre al servicio de tu hogar.<\/strong><\/p>\n\t\t\n<style>\n#text-711654489 {\n  font-size: 1.45rem;\n}\n<\/style>\n\t<\/div>\n\t\n\n\t\t<\/div>\n\t\t\t\t\t<\/div>\n\n\t\n\n<\/div>\n\n\t\t<\/div>\n\n\t\t\n<style>\n#section_256268889 {\n  padding-top: 30px;\n  padding-bottom: 30px;\n  min-height: 450px;\n}\n#section_256268889 .section-bg-overlay {\n  background-color: rgba(0, 0, 0, 0.5);\n}\n#section_256268889 .section-bg.bg-loaded {\n  background-image: url(https:\/\/castaneyra.es\/wp-content\/uploads\/2024\/04\/banner-principal.jpg);\n}\n@media (min-width:550px) {\n  #section_256268889 {\n    min-height: 600px;\n  }\n}\n@media (min-width:850px) {\n  #section_256268889 {\n    min-height: 700px;\n  }\n}\n<\/style>\n\t<\/section>\n\t\n\n     <\/div>\n\n     <div class=\"loading-spin dark large centered\"><\/div>\n\n\t<\/div>\n\n\n\t<section class=\"section dark\" id=\"section_719976492\">\n\t\t<div class=\"bg section-bg fill bg-fill  bg-loaded\" >\n\n\t\t\t\n\t\t\t\n\t\t\t\n\n\t\t<\/div>\n\n\t\t\n\n\t\t<div class=\"section-content relative\">\n\t\t\t\n\n<div class=\"row row-large\" style=\"max-width:1300px\" id=\"row-2097657637\">\n\n\n\t<div id=\"col-340411599\" class=\"col medium-4 small-12 large-4\"  data-animate=\"fadeInLeft\">\n\t\t\t\t<div class=\"col-inner text-left\"  >\n\t\t\t\n\t\t\t\n\n\n\t<a class=\"plain\" href=\"https:\/\/castaneyra.es\/index.php\/servicios\/#administracion\" >\t<div class=\"icon-box featured-box icon-box-center text-center\"  >\n\t\t\t\t\t<div class=\"icon-box-img\" style=\"width: 70px\">\n\t\t\t\t<div class=\"icon\">\n\t\t\t\t\t<div class=\"icon-inner\" >\n\t\t\t\t\t\t<img loading=\"lazy\" decoding=\"async\" width=\"300\" height=\"300\" src=\"https:\/\/castaneyra.es\/wp-content\/uploads\/2023\/06\/edificio-300x300.png\" class=\"attachment-medium size-medium\" alt=\"\" srcset=\"https:\/\/castaneyra.es\/wp-content\/uploads\/2023\/06\/edificio-300x300.png 300w, https:\/\/castaneyra.es\/wp-content\/uploads\/2023\/06\/edificio-150x150.png 150w, https:\/\/castaneyra.es\/wp-content\/uploads\/2023\/06\/edificio.png 512w\" sizes=\"auto, (max-width: 300px) 100vw, 300px\" \/>\t\t\t\t\t<\/div>\n\t\t\t\t<\/div>\n\t\t\t<\/div>\n\t\t\t\t<div class=\"icon-box-text last-reset\">\n\t\t\t\t\t\t\t\t\t\n\n\t<div id=\"text-665932274\" class=\"text\">\n\t\t\n\n<h3>Administraci\u00f3n de fincas<\/h3>\n<p style=\"text-align: justify;\">Profesionalidad, eficiencia y transparencia en la administraci\u00f3n de fincas. Optimiza la gesti\u00f3n de tu comunidad con nosotros.<\/p>\n\t\t\n<style>\n#text-665932274 {\n  text-align: center;\n}\n<\/style>\n\t<\/div>\n\t\n\n\t\t<\/div>\n\t<\/div>\n\t<\/a>\n\t\n\n\t\t<\/div>\n\t\t\t\t\t<\/div>\n\n\t\n\n\t<div id=\"col-2004127994\" class=\"col medium-4 small-12 large-4\"  data-animate=\"fadeInLeft\">\n\t\t\t\t<div class=\"col-inner text-left\"  >\n\t\t\t\n\t\t\t\n\n\n\t<a class=\"plain\" href=\"https:\/\/castaneyra.es\/index.php\/servicios\/#seguros\" >\t<div class=\"icon-box featured-box icon-box-center text-center\"  >\n\t\t\t\t\t<div class=\"icon-box-img\" style=\"width: 60px\">\n\t\t\t\t<div class=\"icon\">\n\t\t\t\t\t<div class=\"icon-inner\" >\n\t\t\t\t\t\t<img loading=\"lazy\" decoding=\"async\" width=\"300\" height=\"300\" src=\"https:\/\/castaneyra.es\/wp-content\/uploads\/2023\/06\/proteger-300x300.png\" class=\"attachment-medium size-medium\" alt=\"\" srcset=\"https:\/\/castaneyra.es\/wp-content\/uploads\/2023\/06\/proteger-300x300.png 300w, https:\/\/castaneyra.es\/wp-content\/uploads\/2023\/06\/proteger-150x150.png 150w, https:\/\/castaneyra.es\/wp-content\/uploads\/2023\/06\/proteger.png 512w\" sizes=\"auto, (max-width: 300px) 100vw, 300px\" \/>\t\t\t\t\t<\/div>\n\t\t\t\t<\/div>\n\t\t\t<\/div>\n\t\t\t\t<div class=\"icon-box-text last-reset\">\n\t\t\t\t\t\t\t\t\t\n\n\t<div id=\"text-1514004201\" class=\"text\">\n\t\t\n\n<h3>Agentes de seguros<\/h3>\n<p style=\"text-align: justify;\">Priorizamos tu seguridad. Somos mediadores expertos en Patrimonio Inmobiliario, asesoramiento y gesti\u00f3n de siniestros.\u00a0 \u00a1Siempre a tu lado!<\/p>\n\t\t\n<style>\n#text-1514004201 {\n  text-align: center;\n}\n<\/style>\n\t<\/div>\n\t\n\n\t\t<\/div>\n\t<\/div>\n\t<\/a>\n\t\n\n\t\t<\/div>\n\t\t\t\t\t<\/div>\n\n\t\n\n\t<div id=\"col-970333608\" class=\"col medium-4 small-12 large-4\"  data-animate=\"fadeInLeft\">\n\t\t\t\t<div class=\"col-inner text-left\"  >\n\t\t\t\n\t\t\t\n\n\n\t<a class=\"plain\" href=\"https:\/\/castaneyra.es\/index.php\/servicios\/#asesoria\" >\t<div class=\"icon-box featured-box icon-box-center text-center\"  >\n\t\t\t\t\t<div class=\"icon-box-img\" style=\"width: 70px\">\n\t\t\t\t<div class=\"icon\">\n\t\t\t\t\t<div class=\"icon-inner\" >\n\t\t\t\t\t\t<img loading=\"lazy\" decoding=\"async\" width=\"300\" height=\"300\" src=\"https:\/\/castaneyra.es\/wp-content\/uploads\/2023\/06\/calculo-300x300.png\" class=\"attachment-medium size-medium\" alt=\"\" srcset=\"https:\/\/castaneyra.es\/wp-content\/uploads\/2023\/06\/calculo-300x300.png 300w, https:\/\/castaneyra.es\/wp-content\/uploads\/2023\/06\/calculo-150x150.png 150w, https:\/\/castaneyra.es\/wp-content\/uploads\/2023\/06\/calculo.png 512w\" sizes=\"auto, (max-width: 300px) 100vw, 300px\" \/>\t\t\t\t\t<\/div>\n\t\t\t\t<\/div>\n\t\t\t<\/div>\n\t\t\t\t<div class=\"icon-box-text last-reset\">\n\t\t\t\t\t\t\t\t\t\n\n\t<div id=\"text-2807302063\" class=\"text\">\n\t\t\n\n<h3>Gesti\u00f3n contable, fiscal y laboral<\/h3>\n<p style=\"text-align: justify;\">Optimiza tu gesti\u00f3n empresarial con nuestro servicio integral: contabilidad, fiscalidad y gesti\u00f3n laboral. Conf\u00eda en nosotros para el \u00e9xito financiero.<\/p>\n\t\t\n<style>\n#text-2807302063 {\n  text-align: center;\n}\n<\/style>\n\t<\/div>\n\t\n\n\t\t<\/div>\n\t<\/div>\n\t<\/a>\n\t\n\n\t\t<\/div>\n\t\t\t\t\t<\/div>\n\n\t\n\n<\/div>\n<div class=\"row row-large\" style=\"max-width:1300px\" id=\"row-136038067\">\n\n\n\t<div id=\"col-2139583228\" class=\"col medium-4 small-12 large-4\"  data-animate=\"fadeInLeft\">\n\t\t\t\t<div class=\"col-inner text-left\"  >\n\t\t\t\n\t\t\t\n\n\n\t<a class=\"plain\" href=\"https:\/\/castaneyra.es\/index.php\/servicios\/#extrangeria\" >\t<div class=\"icon-box featured-box icon-box-center text-center\"  >\n\t\t\t\t\t<div class=\"icon-box-img\" style=\"width: 70px\">\n\t\t\t\t<div class=\"icon\">\n\t\t\t\t\t<div class=\"icon-inner\" >\n\t\t\t\t\t\t<img loading=\"lazy\" decoding=\"async\" width=\"300\" height=\"300\" src=\"https:\/\/castaneyra.es\/wp-content\/uploads\/2023\/06\/espana-300x300.png\" class=\"attachment-medium size-medium\" alt=\"\" srcset=\"https:\/\/castaneyra.es\/wp-content\/uploads\/2023\/06\/espana-300x300.png 300w, https:\/\/castaneyra.es\/wp-content\/uploads\/2023\/06\/espana-150x150.png 150w, https:\/\/castaneyra.es\/wp-content\/uploads\/2023\/06\/espana.png 512w\" sizes=\"auto, (max-width: 300px) 100vw, 300px\" \/>\t\t\t\t\t<\/div>\n\t\t\t\t<\/div>\n\t\t\t<\/div>\n\t\t\t\t<div class=\"icon-box-text last-reset\">\n\t\t\t\t\t\t\t\t\t\n\n\t<div id=\"text-3800988500\" class=\"text\">\n\t\t\n\n<h3>Tramites de extranjer\u00eda y homologaciones de estudios<\/h3>\n<p style=\"text-align: justify;\">Facilitamos tus tr\u00e1mites de extranjer\u00eda. Te asesoramos y agilizamos los procesos para que vivas legalmente en el pa\u00eds.<\/p>\n\t\t\n<style>\n#text-3800988500 {\n  text-align: center;\n}\n<\/style>\n\t<\/div>\n\t\n\n\t\t<\/div>\n\t<\/div>\n\t<\/a>\n\t\n\n\t\t<\/div>\n\t\t\t\t\t<\/div>\n\n\t\n\n\t<div id=\"col-1562741693\" class=\"col medium-4 small-12 large-4\"  data-animate=\"fadeInLeft\">\n\t\t\t\t<div class=\"col-inner text-left\"  >\n\t\t\t\n\t\t\t\n\n\n\t<a class=\"plain\" href=\"https:\/\/castaneyra.es\/index.php\/servicios\/#subvenciones\" >\t<div class=\"icon-box featured-box icon-box-center text-center\"  >\n\t\t\t\t\t<div class=\"icon-box-img\" style=\"width: 70px\">\n\t\t\t\t<div class=\"icon\">\n\t\t\t\t\t<div class=\"icon-inner\" >\n\t\t\t\t\t\t<img loading=\"lazy\" decoding=\"async\" width=\"300\" height=\"300\" src=\"https:\/\/castaneyra.es\/wp-content\/uploads\/2023\/11\/Tramites-de-subvenciones-300x300.png\" class=\"attachment-medium size-medium\" alt=\"Tramites de subvenciones\" srcset=\"https:\/\/castaneyra.es\/wp-content\/uploads\/2023\/11\/Tramites-de-subvenciones-300x300.png 300w, https:\/\/castaneyra.es\/wp-content\/uploads\/2023\/11\/Tramites-de-subvenciones-150x150.png 150w, https:\/\/castaneyra.es\/wp-content\/uploads\/2023\/11\/Tramites-de-subvenciones.png 512w\" sizes=\"auto, (max-width: 300px) 100vw, 300px\" \/>\t\t\t\t\t<\/div>\n\t\t\t\t<\/div>\n\t\t\t<\/div>\n\t\t\t\t<div class=\"icon-box-text last-reset\">\n\t\t\t\t\t\t\t\t\t\n\n\t<div id=\"text-560896017\" class=\"text\">\n\t\t\n\n<h3>Gestor\u00eda y tr\u00e1mites de subvenciones<\/h3>\n<p style=\"text-align: justify;\">Obt\u00e9n subvenciones para tu proyecto. Te asesoramos y agilizamos los tr\u00e1mites para aprovechar oportunidades de financiamiento<strong>.<\/strong><\/p>\n\t\t\n<style>\n#text-560896017 {\n  text-align: center;\n}\n<\/style>\n\t<\/div>\n\t\n\n\t\t<\/div>\n\t<\/div>\n\t<\/a>\n\t\n\n\t\t<\/div>\n\t\t\t\t\t<\/div>\n\n\t\n\n\t<div id=\"col-1378951254\" class=\"col medium-4 small-12 large-4\"  data-animate=\"fadeInLeft\">\n\t\t\t\t<div class=\"col-inner text-left\"  >\n\t\t\t\n\t\t\t\n\n\n\t<a class=\"plain\" href=\"https:\/\/castaneyra.es\/index.php\/servicios\/#administracion\" >\t<div class=\"icon-box featured-box icon-box-center text-center\"  >\n\t\t\t\t\t<div class=\"icon-box-img\" style=\"width: 70px\">\n\t\t\t\t<div class=\"icon\">\n\t\t\t\t\t<div class=\"icon-inner\" >\n\t\t\t\t\t\t<img loading=\"lazy\" decoding=\"async\" width=\"300\" height=\"300\" src=\"https:\/\/castaneyra.es\/wp-content\/uploads\/2023\/11\/Patrimonio-300x300.png\" class=\"attachment-medium size-medium\" alt=\"Patrimonio\" srcset=\"https:\/\/castaneyra.es\/wp-content\/uploads\/2023\/11\/Patrimonio-300x300.png 300w, https:\/\/castaneyra.es\/wp-content\/uploads\/2023\/11\/Patrimonio-150x150.png 150w, https:\/\/castaneyra.es\/wp-content\/uploads\/2023\/11\/Patrimonio.png 512w\" sizes=\"auto, (max-width: 300px) 100vw, 300px\" \/>\t\t\t\t\t<\/div>\n\t\t\t\t<\/div>\n\t\t\t<\/div>\n\t\t\t\t<div class=\"icon-box-text last-reset\">\n\t\t\t\t\t\t\t\t\t\n\n\t<div id=\"text-3467309314\" class=\"text\">\n\t\t\n\n<h3>Patrimonio inmobiliario y licitaciones judiciales<\/h3>\n<p style=\"text-align: justify;\">Nuestra gesti\u00f3n abarca propiedades y participaci\u00f3n en subastas judiciales para maximizar el valor de su patrimonio inmobiliario.<\/p>\n\t\t\n<style>\n#text-3467309314 {\n  text-align: center;\n}\n<\/style>\n\t<\/div>\n\t\n\n\t\t<\/div>\n\t<\/div>\n\t<\/a>\n\t\n\n\t\t<\/div>\n\t\t\t\t\t<\/div>\n\n\t\n\n<\/div>\n\n\t\t<\/div>\n\n\t\t\n<style>\n#section_719976492 {\n  padding-top: 50px;\n  padding-bottom: 50px;\n  background-color: #822d3b;\n}\n<\/style>\n\t<\/section>\n\t\n\t<section class=\"section\" id=\"section_481467180\">\n\t\t<div class=\"bg section-bg fill bg-fill  bg-loaded\" >\n\n\t\t\t\n\t\t\t\n\t\t\t\n\n\t\t<\/div>\n\n\t\t\n\n\t\t<div class=\"section-content relative\">\n\t\t\t\n\n<div class=\"row row-full-width align-center\"  id=\"row-993456595\">\n\n\n\t<div id=\"col-534116536\" class=\"col small-12 large-12\"  >\n\t\t\t\t<div class=\"col-inner text-left\"  >\n\t\t\t\n\t\t\t\n\n\t<div id=\"text-2262947395\" class=\"text\">\n\t\t\n\n<h2>Servicios Complementarios<\/h2>\n\t\t\n<style>\n#text-2262947395 {\n  font-size: 1.2rem;\n  text-align: center;\n  color: rgb(71, 79, 90);\n}\n#text-2262947395 > * {\n  color: rgb(71, 79, 90);\n}\n<\/style>\n\t<\/div>\n\t\n\n\t\t<\/div>\n\t\t\t\t\n<style>\n#col-534116536 > .col-inner {\n  margin: 0px 0px -10px 0px;\n}\n<\/style>\n\t<\/div>\n\n\t\n\n<\/div>\n<div class=\"row align-equal row-box-shadow-2\" style=\"max-width:1300px\" id=\"row-2032377325\">\n\n\n\t<div id=\"col-470402045\" class=\"col medium-6 small-12 large-3\"  data-animate=\"fadeInLeft\">\n\t\t\t\t<div class=\"col-inner\"  >\n\t\t\t\n\t\t\t\n\n\t<div class=\"box has-hover   has-hover box-text-bottom\" >\n\n\t\t<div class=\"box-image\" >\n\t\t\t\t\t\t<div class=\"image-cover\" style=\"padding-top:56.25%;\">\n\t\t\t\t<img loading=\"lazy\" decoding=\"async\" width=\"1200\" height=\"720\" src=\"https:\/\/castaneyra.es\/wp-content\/uploads\/2024\/02\/banner_clep_web.jpeg\" class=\"attachment- size-\" alt=\"banner_clep_web\" srcset=\"https:\/\/castaneyra.es\/wp-content\/uploads\/2024\/02\/banner_clep_web.jpeg 1200w, https:\/\/castaneyra.es\/wp-content\/uploads\/2024\/02\/banner_clep_web-300x180.jpeg 300w, https:\/\/castaneyra.es\/wp-content\/uploads\/2024\/02\/banner_clep_web-1024x614.jpeg 1024w, https:\/\/castaneyra.es\/wp-content\/uploads\/2024\/02\/banner_clep_web-768x461.jpeg 768w\" sizes=\"auto, (max-width: 1200px) 100vw, 1200px\" \/>\t\t\t\t\t\t\t\t\t\t\t<\/div>\n\t\t\t\t\t<\/div>\n\n\t\t<div class=\"box-text text-left\" style=\"padding:20px 20px 20px 20px;\">\n\t\t\t<div class=\"box-text-inner\">\n\t\t\t\t\n\n<h3 style=\"text-align: center;\">CLEP Servicios Integrales<\/h3>\n<ul>\n<li>Alba\u00f1iler\u00eda<\/li>\n<li>Fontaner\u00eda<\/li>\n<li>Limpieza<\/li>\n<li>Mantenimiento de edificios<\/li>\n<\/ul>\n<a href=\"https:\/\/castaneyra.es\/index.php\/grupo-empresarial\/#clep\" class=\"button secondary is-outline lowercase expand\"  >\n    <span>M\u00e1s informaci\u00f3n<\/span>\n  <i class=\"icon-angle-right\" aria-hidden=\"true\" ><\/i><\/a>\n\n\n\n\t\t\t<\/div>\n\t\t<\/div>\n\t<\/div>\n\t\n\n\t\t<\/div>\n\t\t\t\t\t<\/div>\n\n\t\n\n\t<div id=\"col-882919479\" class=\"col medium-6 small-12 large-3\"  data-animate=\"fadeInLeft\">\n\t\t\t\t<div class=\"col-inner\"  >\n\t\t\t\n\t\t\t\n\n\t<div class=\"box has-hover   has-hover box-text-bottom\" >\n\n\t\t<div class=\"box-image\" >\n\t\t\t\t\t\t<div class=\"image-cover\" style=\"padding-top:56.25%;\">\n\t\t\t\t<img loading=\"lazy\" decoding=\"async\" width=\"1200\" height=\"720\" src=\"https:\/\/castaneyra.es\/wp-content\/uploads\/2024\/02\/banner_digi.jpeg\" class=\"attachment- size-\" alt=\"banner_digi\" srcset=\"https:\/\/castaneyra.es\/wp-content\/uploads\/2024\/02\/banner_digi.jpeg 1200w, https:\/\/castaneyra.es\/wp-content\/uploads\/2024\/02\/banner_digi-300x180.jpeg 300w, https:\/\/castaneyra.es\/wp-content\/uploads\/2024\/02\/banner_digi-1024x614.jpeg 1024w, https:\/\/castaneyra.es\/wp-content\/uploads\/2024\/02\/banner_digi-768x461.jpeg 768w\" sizes=\"auto, (max-width: 1200px) 100vw, 1200px\" \/>\t\t\t\t\t\t\t\t\t\t\t<\/div>\n\t\t\t\t\t<\/div>\n\n\t\t<div class=\"box-text text-left\" style=\"padding:20px 20px 20px 20px;\">\n\t\t\t<div class=\"box-text-inner\">\n\t\t\t\t\n\n<h3 style=\"text-align:center\">Comunicaci\u00f3n <\/h3>\n<ul>\n<li>Fibra \u00d3ptica<\/li>\n<li>L\u00edneas M\u00f3viles<\/li>\n<li>Conexiones de Banda Ancha<\/li>\n<li>Servicios de Telecomunicaciones<\/li>\n<\/ul>\n<a href=\"https:\/\/castaneyra.es\/index.php\/grupo-empresarial\/#digi\" class=\"button secondary is-outline lowercase expand\"  >\n    <span>M\u00e1s informaci\u00f3n<\/span>\n  <i class=\"icon-angle-right\" aria-hidden=\"true\" ><\/i><\/a>\n\n\n\n\t\t\t<\/div>\n\t\t<\/div>\n\t<\/div>\n\t\n\n\t\t<\/div>\n\t\t\t\t\t<\/div>\n\n\t\n\n\t<div id=\"col-685865736\" class=\"col medium-6 small-12 large-3\"  data-animate=\"fadeInLeft\">\n\t\t\t\t<div class=\"col-inner\"  >\n\t\t\t\n\t\t\t\n\n\t<div class=\"box has-hover   has-hover box-text-bottom\" >\n\n\t\t<div class=\"box-image\" >\n\t\t\t\t\t\t<div class=\"image-cover\" style=\"padding-top:56.25%;\">\n\t\t\t\t<img loading=\"lazy\" decoding=\"async\" width=\"1200\" height=\"720\" src=\"https:\/\/castaneyra.es\/wp-content\/uploads\/2024\/02\/banner_tealka.jpeg\" class=\"attachment- size-\" alt=\"banner_tealka\" srcset=\"https:\/\/castaneyra.es\/wp-content\/uploads\/2024\/02\/banner_tealka.jpeg 1200w, https:\/\/castaneyra.es\/wp-content\/uploads\/2024\/02\/banner_tealka-300x180.jpeg 300w, https:\/\/castaneyra.es\/wp-content\/uploads\/2024\/02\/banner_tealka-1024x614.jpeg 1024w, https:\/\/castaneyra.es\/wp-content\/uploads\/2024\/02\/banner_tealka-768x461.jpeg 768w\" sizes=\"auto, (max-width: 1200px) 100vw, 1200px\" \/>\t\t\t\t\t\t\t\t\t\t\t<\/div>\n\t\t\t\t\t<\/div>\n\n\t\t<div class=\"box-text text-left\" style=\"padding:20px 20px 20px 20px;\">\n\t\t\t<div class=\"box-text-inner\">\n\t\t\t\t\n\n<h3 style=\"text-align: center;\">Comercio Internacional<\/h3>\n<ul>\n<li>Envi\u00f3 A\u00e9reo<\/li>\n<li>Envi\u00f3 Mar\u00edtimo<\/li>\n<li>Intermediaci\u00f3n de proveedores, intra y extra comunitarios<\/li>\n<\/ul>\n<a href=\"https:\/\/castaneyra.es\/index.php\/grupo-empresarial\/#tealca\" class=\"button secondary is-outline lowercase expand\"  style=\"border-radius:6px;\">\n    <span>M\u00e1s informaci\u00f3n<\/span>\n  <i class=\"icon-angle-right\" aria-hidden=\"true\" ><\/i><\/a>\n\n\n\n\t\t\t<\/div>\n\t\t<\/div>\n\t<\/div>\n\t\n\n\t\t<\/div>\n\t\t\t\t\t<\/div>\n\n\t\n\n\t<div id=\"col-457363848\" class=\"col medium-6 small-12 large-3\"  data-animate=\"fadeInLeft\">\n\t\t\t\t<div class=\"col-inner\"  >\n\t\t\t\n\t\t\t\n\n\t<div class=\"box has-hover   has-hover box-text-bottom\" >\n\n\t\t<div class=\"box-image\" >\n\t\t\t\t\t\t<div class=\"image-cover\" style=\"padding-top:56.25%;\">\n\t\t\t\t<img loading=\"lazy\" decoding=\"async\" width=\"1200\" height=\"720\" src=\"https:\/\/castaneyra.es\/wp-content\/uploads\/2024\/02\/banner_tasacioens.jpeg\" class=\"attachment- size-\" alt=\"banner_tasacioens\" srcset=\"https:\/\/castaneyra.es\/wp-content\/uploads\/2024\/02\/banner_tasacioens.jpeg 1200w, https:\/\/castaneyra.es\/wp-content\/uploads\/2024\/02\/banner_tasacioens-300x180.jpeg 300w, https:\/\/castaneyra.es\/wp-content\/uploads\/2024\/02\/banner_tasacioens-1024x614.jpeg 1024w, https:\/\/castaneyra.es\/wp-content\/uploads\/2024\/02\/banner_tasacioens-768x461.jpeg 768w\" sizes=\"auto, (max-width: 1200px) 100vw, 1200px\" \/>\t\t\t\t\t\t\t\t\t\t\t<\/div>\n\t\t\t\t\t<\/div>\n\n\t\t<div class=\"box-text text-left\" style=\"padding:20px 20px 20px 20px;\">\n\t\t\t<div class=\"box-text-inner\">\n\t\t\t\t\n\n<h3 style=\"text-align:center\">Tasaciones<\/h3>\n<ul>\n<li>Evaluaci\u00f3n Residencial<\/li>\n<li>Tasaci\u00f3n Comercial<\/li>\n<li>Valoraci\u00f3n de Propiedades Rurales<\/li>\n<li>Peritaje Especializado<\/li>\n<\/ul>\n<a href=\"https:\/\/castaneyra.es\/index.php\/conctacto\/\" class=\"button secondary is-outline lowercase expand\"  >\n    <span>M\u00e1s informaci\u00f3n<\/span>\n  <i class=\"icon-angle-right\" aria-hidden=\"true\" ><\/i><\/a>\n\n\n\n\t\t\t<\/div>\n\t\t<\/div>\n\t<\/div>\n\t\n\n\t\t<\/div>\n\t\t\t\t\t<\/div>\n\n\t\n\n\n<style>\n#row-2032377325 > .col > .col-inner {\n  background-color: rgb(255,255,255);\n}\n<\/style>\n<\/div>\n\n\t\t<\/div>\n\n\t\t\n<style>\n#section_481467180 {\n  padding-top: 30px;\n  padding-bottom: 30px;\n}\n<\/style>\n\t<\/section>\n\t\n\n","protected":false},"excerpt":{"rendered":"","protected":false},"author":1,"featured_media":0,"parent":0,"menu_order":0,"comment_status":"closed","ping_status":"closed","template":"page-blank.php","meta":{"footnotes":""},"class_list":["post-6","page","type-page","status-publish","hentry"],"jetpack_sharing_enabled":true,"_links":{"self":[{"href":"https:\/\/castaneyra.es\/index.php\/wp-json\/wp\/v2\/pages\/6","targetHints":{"allow":["GET"]}}],"collection":[{"href":"https:\/\/castaneyra.es\/index.php\/wp-json\/wp\/v2\/pages"}],"about":[{"href":"https:\/\/castaneyra.es\/index.php\/wp-json\/wp\/v2\/types\/page"}],"author":[{"embeddable":true,"href":"https:\/\/castaneyra.es\/index.php\/wp-json\/wp\/v2\/users\/1"}],"replies":[{"embeddable":true,"href":"https:\/\/castaneyra.es\/index.php\/wp-json\/wp\/v2\/comments?post=6"}],"version-history":[{"count":58,"href":"https:\/\/castaneyra.es\/index.php\/wp-json\/wp\/v2\/pages\/6\/revisions"}],"predecessor-version":[{"id":416,"href":"https:\/\/castaneyra.es\/index.php\/wp-json\/wp\/v2\/pages\/6\/revisions\/416"}],"wp:attachment":[{"href":"https:\/\/castaneyra.es\/index.php\/wp-json\/wp\/v2\/media?parent=6"}],"curies":[{"name":"wp","href":"https:\/\/api.w.org\/{rel}","templated":true}]}}