{"id":374,"date":"2024-04-12T15:29:31","date_gmt":"2024-04-12T15:29:31","guid":{"rendered":"https:\/\/castaneyra.es\/?page_id=374"},"modified":"2024-07-17T12:13:30","modified_gmt":"2024-07-17T12:13:30","slug":"citas","status":"publish","type":"page","link":"https:\/\/castaneyra.es\/index.php\/citas\/","title":{"rendered":"Citas Previas"},"content":{"rendered":"\n\t<section class=\"section dark has-parallax\" id=\"section_119843795\">\n\t\t<div class=\"bg section-bg fill bg-fill  \" data-parallax-container=\".section\" data-parallax-background data-parallax=\"-7\">\n\n\t\t\t\n\t\t\t<div class=\"section-bg-overlay absolute fill\"><\/div>\n\t\t\t\n\n\t\t<\/div>\n\n\t\t\n\n\t\t<div class=\"section-content relative\">\n\t\t\t\n\n\t<div id=\"gap-1693143025\" class=\"gap-element clearfix\" style=\"display:block; height:auto;\">\n\t\t\n<style>\n#gap-1693143025 {\n  padding-top: 30px;\n}\n<\/style>\n\t<\/div>\n\t\n\n<div class=\"row align-center\" style=\"max-width:1300px\" id=\"row-1153939303\">\n\n\n\t<div id=\"col-1280767568\" class=\"col medium-10 small-12 large-9\"  >\n\t\t\t\t<div class=\"col-inner text-center\"  >\n\t\t\t\n\t\t\t\n\n<h1><span style=\"font-size: 200%;\">Citas Previas<\/span><\/h1>\n\n\t\t<\/div>\n\t\t\t\t\t<\/div>\n\n\t\n\n<\/div>\n\n\t\t<\/div>\n\n\t\t\n<style>\n#section_119843795 {\n  padding-top: 30px;\n  padding-bottom: 30px;\n  min-height: 500px;\n}\n#section_119843795 .section-bg-overlay {\n  background-color: rgba(0, 0, 0, 0.15);\n}\n#section_119843795 .section-bg.bg-loaded {\n  background-image: url(https:\/\/castaneyra.es\/wp-content\/uploads\/2024\/04\/banner-citas.jpg);\n}\n#section_119843795 .section-bg {\n  background-position: 74% 7%;\n}\n@media (min-width:550px) {\n  #section_119843795 {\n    min-height: 600px;\n  }\n  #section_119843795 .section-bg-overlay {\n    background-color: rgba(0, 0, 0, 0.09);\n  }\n}\n@media (min-width:850px) {\n  #section_119843795 .section-bg-overlay {\n    background-color: rgba(0,0,0,.5);\n  }\n}\n<\/style>\n\t<\/section>\n\t\n\t<section class=\"section\" id=\"section_520477788\">\n\t\t<div class=\"bg section-bg fill bg-fill  bg-loaded\" >\n\n\t\t\t\n\t\t\t\n\t\t\t\n\n\t\t<\/div>\n\n\t\t\n\n\t\t<div class=\"section-content relative\">\n\t\t\t\n\n\t<div id=\"gap-699583923\" class=\"gap-element clearfix\" style=\"display:block; height:auto;\">\n\t\t\n<style>\n#gap-699583923 {\n  padding-top: 100px;\n}\n<\/style>\n\t<\/div>\n\t\n\n<div class=\"row\"  id=\"row-435538327\">\n\n\n\t<div id=\"col-396088227\" class=\"col small-12 large-12\"  >\n\t\t\t\t<div class=\"col-inner\"  >\n\t\t\t\n\t\t\t\n\n<h1>\u00a1Reserva tu Consulta Personalizada Hoy!<\/h1>\n<p>\u00bfNecesitas asesoramiento experto y personalizado en temas laborales, fiscales o judiciales? \u00a1Estamos aqu\u00ed para ayudarte!<\/p>\n<p>Ofrecemos sesiones de consulta flexibles para adaptarnos a tus necesidades y agenda. Elige la duraci\u00f3n de tu consulta seg\u00fan lo que mejor se ajuste a tus requerimientos:<\/p>\n<ul>\n<li><strong>Consulta de 15 minutos:<\/strong> Ideal para resolver preguntas r\u00e1pidas o consultas espec\u00edficas. \u00a1Por solo 10\u20ac, obt\u00e9n respuestas claras y soluciones r\u00e1pidas a tus inquietudes!<\/li>\n<li><strong>Consulta de 30 minutos:<\/strong> \u00bfTienes un poco m\u00e1s que discutir? Opta por nuestra sesi\u00f3n de 30 minutos por solo 15\u20ac. Es perfecta para abordar temas m\u00e1s detallados y obtener un asesoramiento m\u00e1s completo.<\/li>\n<li><strong>Consulta de 45 minutos:<\/strong> Si necesitas un an\u00e1lisis m\u00e1s profundo y completo, nuestra consulta de 45 minutos por 20\u20ac es la opci\u00f3n ideal. Permitir\u00e1 abordar aspectos m\u00e1s complejos y recibir una atenci\u00f3n m\u00e1s detallada.<\/li>\n<li><strong>Consulta de 60 minutos:<\/strong> Para aquellos casos que requieren una atenci\u00f3n exhaustiva y un an\u00e1lisis minucioso, nuestra sesi\u00f3n de consulta de 60 minutos por 30\u20ac te proporcionar\u00e1 el tiempo necesario para resolver todas tus inquietudes de manera completa y satisfactoria.<\/li>\n<\/ul>\n<p>Nuestro equipo de expertos est\u00e1 listo para brindarte el mejor asesoramiento en temas laborales, fiscales y judiciales. \u00a1Reserva tu cita hoy mismo y da el primer paso hacia la soluci\u00f3n de tus problemas!<\/p>\n<p><em>Cont\u00e1ctanos ahora para programar tu consulta o para obtener m\u00e1s informaci\u00f3n sobre nuestros servicios.<\/em><\/p>\n\n\t\t<\/div>\n\t\t\t\t\t<\/div>\n\n\t\n\n<\/div>\n\t<div id=\"gap-1705942251\" class=\"gap-element clearfix\" style=\"display:block; height:auto;\">\n\t\t\n<style>\n#gap-1705942251 {\n  padding-top: 100px;\n}\n<\/style>\n\t<\/div>\n\t\n\n<div class=\"row row-large align-middle align-center\" style=\"max-width:1300px\" id=\"row-1007085399\">\n\n\n\t<div id=\"col-1148852817\" class=\"col medium-9 small-12 large-12\"  data-animate=\"fadeInLeft\">\n\t\t\t\t<div class=\"col-inner text-left\"  >\n\t\t\t\n\t\t\t\n\n\n\n<!-- Google Calendar Appointment Scheduling begin -->\n<iframe loading=\"lazy\" src=\"https:\/\/calendar.google.com\/calendar\/appointments\/schedules\/AcZssZ1P5zUWYBFfh3RrP7zp1N1kAz72GwheJSRpWH9eJGHX1mW7Sn3RsOPJaHssmMufA9Fy3Hd7QPAB?gv=true\" style=\"border: 0\" width=\"100%\" height=\"600\" frameborder=\"0\"><\/iframe>\n<!-- end Google Calendar Appointment Scheduling -->\n\n\n\t\t<\/div>\n\t\t\t\t\n<style>\n#col-1148852817 > .col-inner {\n  padding: 0px 0px 0px 0px;\n}\n<\/style>\n\t<\/div>\n\n\t\n\n<\/div>\n\t<div id=\"gap-1167387869\" class=\"gap-element clearfix\" style=\"display:block; height:auto;\">\n\t\t\n<style>\n#gap-1167387869 {\n  padding-top: 100px;\n}\n<\/style>\n\t<\/div>\n\t\n\n\n\t\t<\/div>\n\n\t\t\n<style>\n#section_520477788 {\n  padding-top: 0px;\n  padding-bottom: 0px;\n}\n<\/style>\n\t<\/section>\n\t\n\n","protected":false},"excerpt":{"rendered":"","protected":false},"author":1,"featured_media":0,"parent":0,"menu_order":0,"comment_status":"closed","ping_status":"closed","template":"page-blank.php","meta":{"footnotes":""},"class_list":["post-374","page","type-page","status-publish","hentry"],"jetpack_sharing_enabled":true,"_links":{"self":[{"href":"https:\/\/castaneyra.es\/index.php\/wp-json\/wp\/v2\/pages\/374","targetHints":{"allow":["GET"]}}],"collection":[{"href":"https:\/\/castaneyra.es\/index.php\/wp-json\/wp\/v2\/pages"}],"about":[{"href":"https:\/\/castaneyra.es\/index.php\/wp-json\/wp\/v2\/types\/page"}],"author":[{"embeddable":true,"href":"https:\/\/castaneyra.es\/index.php\/wp-json\/wp\/v2\/users\/1"}],"replies":[{"embeddable":true,"href":"https:\/\/castaneyra.es\/index.php\/wp-json\/wp\/v2\/comments?post=374"}],"version-history":[{"count":9,"href":"https:\/\/castaneyra.es\/index.php\/wp-json\/wp\/v2\/pages\/374\/revisions"}],"predecessor-version":[{"id":408,"href":"https:\/\/castaneyra.es\/index.php\/wp-json\/wp\/v2\/pages\/374\/revisions\/408"}],"wp:attachment":[{"href":"https:\/\/castaneyra.es\/index.php\/wp-json\/wp\/v2\/media?parent=374"}],"curies":[{"name":"wp","href":"https:\/\/api.w.org\/{rel}","templated":true}]}}