{"id":10,"date":"2023-06-22T12:44:47","date_gmt":"2023-06-22T12:44:47","guid":{"rendered":"https:\/\/castaneyra.es\/?page_id=10"},"modified":"2024-07-30T14:09:35","modified_gmt":"2024-07-30T14:09:35","slug":"quienes-somos","status":"publish","type":"page","link":"https:\/\/castaneyra.es\/index.php\/quienes-somos\/","title":{"rendered":"\u00bfQui\u00e9nes Somos?"},"content":{"rendered":"\n\t<section class=\"section dark has-parallax\" id=\"section_1296020157\">\n\t\t<div class=\"bg section-bg fill bg-fill  \" data-parallax-container=\".section\" data-parallax-background data-parallax=\"-7\">\n\n\t\t\t\n\t\t\t<div class=\"section-bg-overlay absolute fill\"><\/div>\n\t\t\t\n\n\t\t<\/div>\n\n\t\t\n\n\t\t<div class=\"section-content relative\">\n\t\t\t\n\n<div class=\"row align-center\" style=\"max-width:1300px\" id=\"row-718306751\">\n\n\n\t<div id=\"col-613608361\" class=\"col medium-10 small-12 large-9\"  >\n\t\t\t\t<div class=\"col-inner text-center\"  >\n\t\t\t\n\t\t\t\n\n<h1><span style=\"font-size: 200%;\">\u00bfQuienes Somos?<\/span><\/h1>\n\n\t\t<\/div>\n\t\t\t\t\t<\/div>\n\n\t\n\n<\/div>\n\n\t\t<\/div>\n\n\t\t\n<style>\n#section_1296020157 {\n  padding-top: 30px;\n  padding-bottom: 30px;\n  min-height: 500px;\n}\n#section_1296020157 .section-bg-overlay {\n  background-color: rgba(0, 0, 0, 0.15);\n}\n#section_1296020157 .section-bg.bg-loaded {\n  background-image: url(https:\/\/castaneyra.es\/wp-content\/uploads\/2023\/06\/detalle-equipo-trabajando-nuevo-proyecto-espacio-coworking-escribiendo-ideas-mirando-graficos-tableta-computadora-portatil-trabajo-equipo-concepto-negocio.jpg);\n}\n#section_1296020157 .section-bg {\n  background-position: 55% 100%;\n}\n@media (min-width:550px) {\n  #section_1296020157 {\n    min-height: 600px;\n  }\n  #section_1296020157 .section-bg-overlay {\n    background-color: rgba(0, 0, 0, 0.09);\n  }\n}\n@media (min-width:850px) {\n  #section_1296020157 .section-bg-overlay {\n    background-color: rgba(0,0,0,.5);\n  }\n}\n<\/style>\n\t<\/section>\n\t\n\t<section class=\"section\" id=\"section_1276353167\">\n\t\t<div class=\"bg section-bg fill bg-fill  bg-loaded\" >\n\n\t\t\t\n\t\t\t\n\t\t\t\n\n\t\t<\/div>\n\n\t\t\n\n\t\t<div class=\"section-content relative\">\n\t\t\t\n\n<div class=\"row\" style=\"max-width:1200px\" id=\"row-813525355\">\n\n\n\t<div id=\"col-1828783014\" class=\"col small-12 large-12\"  >\n\t\t\t\t<div class=\"col-inner\" style=\"background-color:rgb(255, 255, 255);\" >\n\t\t\t\n\t\t\t\n\n<div class=\"row align-middle align-right\" style=\"max-width:1200px\" id=\"row-1369469730\">\n\n\n\t<div id=\"col-1567839986\" class=\"col medium-12 small-12 large-6\"  >\n\t\t\t\t<div class=\"col-inner\"  >\n\t\t\t\n\t\t\t\n\n\t<div id=\"gap-448129016\" class=\"gap-element clearfix\" style=\"display:block; height:auto;\">\n\t\t\n<style>\n#gap-448129016 {\n  padding-top: 5px;\n}\n@media (min-width:550px) {\n  #gap-448129016 {\n    padding-top: 50px;\n  }\n}\n<\/style>\n\t<\/div>\n\t\n\n\t<div id=\"text-108232447\" class=\"text\">\n\t\t\n\n<h3>Historia<\/h3>\n\t\t\n<style>\n#text-108232447 {\n  font-size: 1.75rem;\n  text-align: center;\n}\n<\/style>\n\t<\/div>\n\t\n<p style=\"text-align: justify;\">Casta\u00f1eyra &amp; Asociados nace de una idea cargada de ilusi\u00f3n, coraje, profesionalidad. Su fundadora Patricia Casta\u00f1eyra Ram\u00edrez, despu\u00e9s de 25 a\u00f1os de actividad profesional y tras radicarse en Espa\u00f1a desde el a\u00f1o 2015, tuvo la oportunidad de continuar su desarrollo y formaci\u00f3n profesional inmersa en la Administraci\u00f3n de Fincas e intermediaci\u00f3n inmobiliaria, entre otros.<\/p>\n<p style=\"text-align: justify;\">Actualmente acreditados por la Asociaci\u00f3n Profesional de Expertos T\u00e9cnicos Inmobiliarios, como ADMINISTRADOR DE FINCAS E INTERMEDIACI\u00d3N, con m\u00e1s de 8 a\u00f1os de experiencia en la ciudad Valencia y poblaciones aleda\u00f1as, prestamos distintos servicios relacionados con el Patrimonio Inmobiliario y Empresarial.<\/p>\n\n\t\t<\/div>\n\t\t\t\t\n<style>\n#col-1567839986 > .col-inner {\n  padding: 10px 30px 0px 30px;\n}\n@media (min-width:550px) {\n  #col-1567839986 > .col-inner {\n    padding: 0 50px 20px 50px;\n  }\n}\n@media (min-width:850px) {\n  #col-1567839986 > .col-inner {\n    padding: 50px 50px 50px 70px;\n  }\n}\n<\/style>\n\t<\/div>\n\n\t\n\n\t<div id=\"col-274389094\" class=\"col medium-12 small-12 large-6 medium-col-first\"  >\n\t\t\t\t<div class=\"col-inner\"  >\n\t\t\t\n\t\t\t\n\n\n  <div class=\"banner has-hover\" id=\"banner-2002114671\">\n          <div class=\"banner-inner fill\">\n        <div class=\"banner-bg fill\" >\n            <div class=\"bg fill bg-fill \"><\/div>\n                                    \n                    <\/div>\n\t\t\n        <div class=\"banner-layers container\">\n            <div class=\"fill banner-link\"><\/div>            \n\n\n        <\/div>\n      <\/div>\n\n            \n<style>\n#banner-2002114671 {\n  padding-top: 56.25%;\n  background-color: rgb(255, 255, 255);\n}\n#banner-2002114671 .bg.bg-loaded {\n  background-image: url(https:\/\/castaneyra.es\/wp-content\/uploads\/2023\/06\/Logo-Horizontal-Granate.png);\n}\n#banner-2002114671 .bg {\n  background-position: 95% 100%;\n}\n@media (min-width:550px) {\n  #banner-2002114671 {\n    padding-top: 400px;\n  }\n}\n@media (min-width:850px) {\n  #banner-2002114671 {\n    padding-top: 50%;\n  }\n}\n<\/style>\n  <\/div>\n\n\n\n\t\t<\/div>\n\t\t\t\t\n<style>\n#col-274389094 > .col-inner {\n  padding: 20px 20px 10px 20px;\n}\n@media (min-width:550px) {\n  #col-274389094 > .col-inner {\n    padding: 50px 50px 0 50px;\n  }\n}\n@media (min-width:850px) {\n  #col-274389094 > .col-inner {\n    padding: 50px 50px 20px 0px;\n  }\n}\n<\/style>\n\t<\/div>\n\n\t\n\n<\/div>\n\n\t\t<\/div>\n\t\t\t\t\n<style>\n#col-1828783014 > .col-inner {\n  margin: -100px 0px 0px 0px;\n}\n@media (min-width:550px) {\n  #col-1828783014 > .col-inner {\n    margin: -150px 0px 0px 0px;\n  }\n}\n<\/style>\n\t<\/div>\n\n\t\n\n<\/div>\n\n\t\t<\/div>\n\n\t\t\n<style>\n#section_1276353167 {\n  padding-top: 30px;\n  padding-bottom: 30px;\n  background-color: rgb(237, 233, 227);\n}\n<\/style>\n\t<\/section>\n\t\n\t<section class=\"section has-parallax\" id=\"section_913845207\">\n\t\t<div class=\"bg section-bg fill bg-fill  \" data-parallax-container=\".section\" data-parallax-background data-parallax=\"-7\">\n\n\t\t\t\n\t\t\t<div class=\"section-bg-overlay absolute fill\"><\/div>\n\t\t\t\n\n\t\t<\/div>\n\n\t\t\n\n\t\t<div class=\"section-content relative\">\n\t\t\t\n\n\n\t\t<\/div>\n\n\t\t\n<style>\n#section_913845207 {\n  padding-top: 30px;\n  padding-bottom: 30px;\n  min-height: 300px;\n}\n#section_913845207 .section-bg-overlay {\n  background-color: rgba(0,0,0,.5);\n}\n#section_913845207 .section-bg.bg-loaded {\n  background-image: url(https:\/\/castaneyra.es\/wp-content\/uploads\/2023\/06\/diversas-personas-que-trabajan-oficina.jpg);\n}\n@media (min-width:550px) {\n  #section_913845207 {\n    min-height: 350px;\n  }\n}\n@media (min-width:850px) {\n  #section_913845207 {\n    min-height: 400px;\n  }\n}\n<\/style>\n\t<\/section>\n\t\n\t<section class=\"section\" id=\"section_925144566\">\n\t\t<div class=\"bg section-bg fill bg-fill  bg-loaded\" >\n\n\t\t\t\n\t\t\t\n\t\t\t\n\n\t\t<\/div>\n\n\t\t\n\n\t\t<div class=\"section-content relative\">\n\t\t\t\n\n<div class=\"row\" style=\"max-width:1200px\" id=\"row-783047015\">\n\n\n\t<div id=\"col-1276356707\" class=\"col small-12 large-12\"  >\n\t\t\t\t<div class=\"col-inner\" style=\"background-color:rgb(255, 255, 255);\" >\n\t\t\t\n\t\t\t\n\n<div class=\"row\" style=\"max-width:1200px\" id=\"row-744042390\">\n\n\n\t<div id=\"col-1127324907\" class=\"col small-12 large-12\"  >\n\t\t\t\t<div class=\"col-inner\"  >\n\t\t\t\n\t\t\t\n\n\t<div id=\"text-4136034924\" class=\"text\">\n\t\t\n\n<h3>MISI\u00d3N \u2013 VISI\u00d3N Y PILARES ESTRAT\u00c9GICOS<\/h3>\n\t\t\n<style>\n#text-4136034924 {\n  font-size: 2rem;\n  text-align: center;\n}\n@media (min-width:550px) {\n  #text-4136034924 {\n    font-size: 1.75rem;\n  }\n}\n<\/style>\n\t<\/div>\n\t\n\n\t\t<\/div>\n\t\t\t\t\n<style>\n#col-1127324907 > .col-inner {\n  padding: 50px 20px 0px 20px;\n}\n@media (min-width:550px) {\n  #col-1127324907 > .col-inner {\n    padding: 50px 50px 0px 50px;\n  }\n}\n<\/style>\n\t<\/div>\n\n\t\n\n<\/div>\n<div class=\"row align-center\" style=\"max-width:1200px\" id=\"row-676396156\">\n\n\n\t<div id=\"col-1486062720\" class=\"col medium-6 small-12 large-6\"  >\n\t\t\t\t<div class=\"col-inner\"  >\n\t\t\t\n\t\t\t\n\n<p style=\"text-align: justify;\">Es fundamental para nosotros y nuestro principal objetivo, poder prestar un servicio adaptado a las necesidades de nuestros clientes, prevaleciendo la honestidad, humildad y transparencia.<\/p>\n<p style=\"text-aling: justify;\">Partimos de la firme convicci\u00f3n de que para todo hay una soluci\u00f3n y que desde una entregada gesti\u00f3n siempre surgir\u00e1n buenos resultados.<\/p>\n<p style=\"text-align: justify;\">Nuestro despacho est\u00e1 formado por profesionales del \u00e1rea administrativa y jur\u00eddica, con continua actualizaci\u00f3n profesional a trav\u00e9s de seminarios y cursos de especializaci\u00f3n.<\/p>\n\n\t\t<\/div>\n\t\t\t\t\n<style>\n#col-1486062720 > .col-inner {\n  padding: 0px 30px 0px 30px;\n  margin: -20px 0px 0px 0px;\n}\n@media (min-width:550px) {\n  #col-1486062720 > .col-inner {\n    padding: 0px 0px 0px 50px;\n    margin: -25px 0px 0px 0px;\n  }\n}\n@media (min-width:850px) {\n  #col-1486062720 > .col-inner {\n    padding: 0px 10px 0px 60px;\n  }\n}\n<\/style>\n\t<\/div>\n\n\t\n\n\t<div id=\"col-713937233\" class=\"col medium-6 small-12 large-6\"  >\n\t\t\t\t<div class=\"col-inner\"  >\n\t\t\t\n\t<div class=\"is-border\"\n\t\tstyle=\"border-width:0px 0px 0px 3px;margin:0px 0px 0px -17px;\">\n\t<\/div>\n\t\t\t\n\n<p style=\"text-align: justify;\">Entregamos alto valor a la mediaci\u00f3n y relaci\u00f3n interpersonal porque reconocemos como principal y m\u00e1s importe el ser de cada uno de nuestros clientes, sin ello, el resto no existe.<\/p>\n<p style=\"text-align: justify;\">Deseamos y nos proyectamos diariamente en poder entregar un servicio de calidad, que brinde soluciones, estabilidad y evoluci\u00f3n, siempre desde la optimizaci\u00f3n de los recursos de nuestros clientes, con m\u00e1xima responsabilidad y dentro de lo que marque la legislaci\u00f3n vigente que corresponda en cada caso.<\/p>\n\n\t\t<\/div>\n\t\t\t\t\n<style>\n#col-713937233 > .col-inner {\n  padding: 0px 30px 0px 30px;\n  margin: -20px 0px 0px 0px;\n}\n@media (min-width:550px) {\n  #col-713937233 > .col-inner {\n    padding: 0px 20px 0px 30px;\n    margin: -25px 0px 0px 0px;\n  }\n}\n@media (min-width:850px) {\n  #col-713937233 > .col-inner {\n    padding: 0px 60px 0px 10px;\n  }\n}\n<\/style>\n\t<\/div>\n\n\t\n\n<\/div>\n\n\t\t<\/div>\n\t\t\t\t\n<style>\n#col-1276356707 > .col-inner {\n  margin: -100px 0px 0px 0px;\n}\n<\/style>\n\t<\/div>\n\n\t\n\n<\/div>\n\n\t\t<\/div>\n\n\t\t\n<style>\n#section_925144566 {\n  padding-top: 30px;\n  padding-bottom: 30px;\n  background-color: rgb(237, 233, 227);\n}\n<\/style>\n\t<\/section>\n\t\n\n","protected":false},"excerpt":{"rendered":"","protected":false},"author":1,"featured_media":0,"parent":0,"menu_order":0,"comment_status":"closed","ping_status":"closed","template":"page-blank.php","meta":{"footnotes":""},"class_list":["post-10","page","type-page","status-publish","hentry"],"jetpack_sharing_enabled":true,"_links":{"self":[{"href":"https:\/\/castaneyra.es\/index.php\/wp-json\/wp\/v2\/pages\/10","targetHints":{"allow":["GET"]}}],"collection":[{"href":"https:\/\/castaneyra.es\/index.php\/wp-json\/wp\/v2\/pages"}],"about":[{"href":"https:\/\/castaneyra.es\/index.php\/wp-json\/wp\/v2\/types\/page"}],"author":[{"embeddable":true,"href":"https:\/\/castaneyra.es\/index.php\/wp-json\/wp\/v2\/users\/1"}],"replies":[{"embeddable":true,"href":"https:\/\/castaneyra.es\/index.php\/wp-json\/wp\/v2\/comments?post=10"}],"version-history":[{"count":23,"href":"https:\/\/castaneyra.es\/index.php\/wp-json\/wp\/v2\/pages\/10\/revisions"}],"predecessor-version":[{"id":413,"href":"https:\/\/castaneyra.es\/index.php\/wp-json\/wp\/v2\/pages\/10\/revisions\/413"}],"wp:attachment":[{"href":"https:\/\/castaneyra.es\/index.php\/wp-json\/wp\/v2\/media?parent=10"}],"curies":[{"name":"wp","href":"https:\/\/api.w.org\/{rel}","templated":true}]}}